{"id":799,"date":"2023-03-11T15:31:47","date_gmt":"2023-03-11T15:31:47","guid":{"rendered":"https:\/\/mahdadi.com\/?page_id=799"},"modified":"2025-10-01T18:25:33","modified_gmt":"2025-10-01T18:25:33","slug":"demande-de-soumission","status":"publish","type":"page","link":"https:\/\/mahdadi.com\/ar\/demande-de-soumission\/","title":{"rendered":"\u0637\u0644\u0628 \u0645\u0646\u0627\u0642\u0635\u0629"},"content":{"rendered":"\t\t<div data-elementor-type=\"wp-page\" data-elementor-id=\"799\" class=\"elementor elementor-799\">\n\t\t\t\t\t\t<section class=\"elementor-section elementor-top-section elementor-element elementor-element-ef10a7d elementor-section-boxed elementor-section-height-default elementor-section-height-default\" data-id=\"ef10a7d\" data-element_type=\"section\" data-e-type=\"section\">\n\t\t\t\t\t\t<div class=\"elementor-container elementor-column-gap-default\">\n\t\t\t\t\t<div class=\"elementor-column elementor-col-100 elementor-top-column elementor-element elementor-element-707299d\" data-id=\"707299d\" data-element_type=\"column\" data-e-type=\"column\">\n\t\t\t<div class=\"elementor-widget-wrap elementor-element-populated\">\n\t\t\t\t\t\t<section class=\"elementor-section elementor-inner-section elementor-element elementor-element-1b5f70b elementor-section-content-middle elementor-section-boxed elementor-section-height-default elementor-section-height-default\" data-id=\"1b5f70b\" data-element_type=\"section\" data-e-type=\"section\">\n\t\t\t\t\t\t<div class=\"elementor-container elementor-column-gap-default\">\n\t\t\t\t\t<div class=\"elementor-column elementor-col-50 elementor-inner-column elementor-element elementor-element-30214e2\" data-id=\"30214e2\" data-element_type=\"column\" data-e-type=\"column\">\n\t\t\t<div class=\"elementor-widget-wrap elementor-element-populated\">\n\t\t\t\t\t\t<div class=\"elementor-element elementor-element-761a91f elementor-widget elementor-widget-text-editor\" data-id=\"761a91f\" data-element_type=\"widget\" data-e-type=\"widget\" data-widget_type=\"text-editor.default\">\n\t\t\t\t<div class=\"elementor-widget-container\">\n\t\t\t\t\t\t\t\t\t<p>Pour une soumission, nous vous invitons \u00e0 nous contacter par t\u00e9l\u00e9phone ou par email ou remplisser le formulaire ci-desous.<\/p><p>Nous nous ferons un plaisir de r\u00e9pondre \u00e0 vos questions et de vous transmettre une soumission adapt\u00e9e \u00e0 vos besoins.<\/p>\t\t\t\t\t\t\t\t<\/div>\n\t\t\t\t<\/div>\n\t\t\t\t<div class=\"elementor-element elementor-element-9c24224 animated-slow eael-infobox-icon-bg-shape-none eael-infobox-icon-hover-bg-shape-none elementor-invisible elementor-widget elementor-widget-eael-info-box\" data-id=\"9c24224\" data-element_type=\"widget\" data-e-type=\"widget\" data-settings=\"{&quot;_animation&quot;:&quot;slideInRight&quot;,&quot;_animation_delay&quot;:400}\" data-widget_type=\"eael-info-box.default\">\n\t\t\t\t<div class=\"elementor-widget-container\">\n\t\t\t\t\t        <div class=\"eael-infobox icon-on-left\">\n\t            <div class=\"infobox-icon eael-icon-only\">\n\n            \n                            <div class=\"infobox-icon-wrap\">\n                    <i aria-hidden=\"true\" class=\"fas fa-phone-square-alt\"><\/i>                <\/div>\n            \n            \n        <\/div>\n            <div class=\"infobox-content eael-icon-only\">\n                    <div class=\"infobox-title-section\">\n                <h6 class=\"title\">T\u00e9lephone<\/h6>            <\/div>\n            <div><h4><a href=\"http:\/\/(213) 77-81-24-762\">(213) 77-81-24-762<\/a><\/h4><\/div>        <\/div>\n            <\/div>\n\n\t\t\t\t\t\t<\/div>\n\t\t\t\t<\/div>\n\t\t\t\t<div class=\"elementor-element elementor-element-149a691 animated-slow eael-infobox-icon-bg-shape-none eael-infobox-icon-hover-bg-shape-none elementor-invisible elementor-widget elementor-widget-eael-info-box\" data-id=\"149a691\" data-element_type=\"widget\" data-e-type=\"widget\" data-settings=\"{&quot;_animation&quot;:&quot;slideInRight&quot;,&quot;_animation_delay&quot;:600}\" data-widget_type=\"eael-info-box.default\">\n\t\t\t\t<div class=\"elementor-widget-container\">\n\t\t\t\t\t        <div class=\"eael-infobox icon-on-left\">\n\t            <div class=\"infobox-icon eael-icon-only\">\n\n            \n                            <div class=\"infobox-icon-wrap\">\n                    <i aria-hidden=\"true\" class=\"fas fa-envelope\"><\/i>                <\/div>\n            \n            \n        <\/div>\n            <div class=\"infobox-content eael-icon-only\">\n                    <div class=\"infobox-title-section\">\n                <h6 class=\"title\">E-mail<\/h6>            <\/div>\n            <div><h4><a href=\"mailto:cac@mahdadi.com\">cac@mahdadi.com<\/a><\/h4><\/div>        <\/div>\n            <\/div>\n\n\t\t\t\t\t\t<\/div>\n\t\t\t\t<\/div>\n\t\t\t\t\t<\/div>\n\t\t<\/div>\n\t\t\t\t<div class=\"elementor-column elementor-col-50 elementor-inner-column elementor-element elementor-element-ff4fa4e\" data-id=\"ff4fa4e\" data-element_type=\"column\" data-e-type=\"column\">\n\t\t\t<div class=\"elementor-widget-wrap elementor-element-populated\">\n\t\t\t\t\t\t<div class=\"elementor-element elementor-element-0d3155c animated-slow elementor-widget__width-inherit elementor-absolute elementor-hidden-tablet elementor-hidden-mobile elementor-invisible elementor-widget elementor-widget-image\" data-id=\"0d3155c\" data-element_type=\"widget\" data-e-type=\"widget\" data-settings=\"{&quot;_animation&quot;:&quot;zoomIn&quot;,&quot;_animation_delay&quot;:200,&quot;_position&quot;:&quot;absolute&quot;}\" data-widget_type=\"image.default\">\n\t\t\t\t<div class=\"elementor-widget-container\">\n\t\t\t\t\t\t\t\t\t\t\t\t\t\t\t<img fetchpriority=\"high\" decoding=\"async\" width=\"960\" height=\"760\" src=\"https:\/\/mahdadi.com\/wp-content\/uploads\/2023\/03\/24f2140c-image-13.png\" class=\"attachment-full size-full wp-image-778\" alt=\"\" srcset=\"https:\/\/mahdadi.com\/wp-content\/uploads\/2023\/03\/24f2140c-image-13.png 960w, https:\/\/mahdadi.com\/wp-content\/uploads\/2023\/03\/24f2140c-image-13-300x238.png 300w, https:\/\/mahdadi.com\/wp-content\/uploads\/2023\/03\/24f2140c-image-13-768x608.png 768w, https:\/\/mahdadi.com\/wp-content\/uploads\/2023\/03\/24f2140c-image-13-15x12.png 15w\" sizes=\"(max-width: 960px) 100vw, 960px\" \/>\t\t\t\t\t\t\t\t\t\t\t\t\t\t\t<\/div>\n\t\t\t\t<\/div>\n\t\t\t\t\t<\/div>\n\t\t<\/div>\n\t\t\t\t\t<\/div>\n\t\t<\/section>\n\t\t\t\t\t<\/div>\n\t\t<\/div>\n\t\t\t\t\t<\/div>\n\t\t<\/section>\n\t\t\t\t<section class=\"elementor-section elementor-top-section elementor-element elementor-element-83edde0 elementor-section-boxed elementor-section-height-default elementor-section-height-default\" data-id=\"83edde0\" data-element_type=\"section\" data-e-type=\"section\">\n\t\t\t\t\t\t<div class=\"elementor-container elementor-column-gap-default\">\n\t\t\t\t\t<div class=\"elementor-column elementor-col-100 elementor-top-column elementor-element elementor-element-0709c77\" data-id=\"0709c77\" data-element_type=\"column\" data-e-type=\"column\">\n\t\t\t<div class=\"elementor-widget-wrap elementor-element-populated\">\n\t\t\t\t\t\t<div class=\"elementor-element elementor-element-c7c6edc elementor-widget elementor-widget-shortcode\" data-id=\"c7c6edc\" data-element_type=\"widget\" data-e-type=\"widget\" data-widget_type=\"shortcode.default\">\n\t\t\t\t<div class=\"elementor-widget-container\">\n\t\t\t\t\t\t\t<div class=\"elementor-shortcode\">\n<div class=\"wpcf7 no-js\" id=\"wpcf7-f6-o1\" lang=\"fr-FR\" dir=\"ltr\" data-wpcf7-id=\"6\">\n<div class=\"screen-reader-response\"><p role=\"status\" aria-live=\"polite\" aria-atomic=\"true\"><\/p> <ul><\/ul><\/div>\n<form action=\"\/ar\/wp-json\/wp\/v2\/pages\/799#wpcf7-f6-o1\" method=\"post\" class=\"wpcf7-form init\" aria-label=\"Formulaire de contact\" novalidate=\"novalidate\" data-status=\"init\">\n<fieldset class=\"hidden-fields-container\"><input type=\"hidden\" name=\"_wpcf7\" value=\"6\" \/><input type=\"hidden\" name=\"_wpcf7_version\" value=\"6.1.5\" \/><input type=\"hidden\" name=\"_wpcf7_locale\" value=\"fr_FR\" \/><input type=\"hidden\" name=\"_wpcf7_unit_tag\" value=\"wpcf7-f6-o1\" \/><input type=\"hidden\" name=\"_wpcf7_container_post\" value=\"0\" \/><input type=\"hidden\" name=\"_wpcf7_posted_data_hash\" value=\"\" \/>\n<\/fieldset>\n<p>Votre nom<br \/>\n<span class=\"wpcf7-form-control-wrap\" data-name=\"your-name\"><input size=\"40\" maxlength=\"400\" class=\"wpcf7-form-control wpcf7-text wpcf7-validates-as-required\" autocomplete=\"name\" aria-required=\"true\" aria-invalid=\"false\" value=\"\" type=\"text\" name=\"your-name\" \/><\/span>\n<\/p>\n<p><label> Votre t\u00e9l\u00e9phone<br \/>\n<span class=\"wpcf7-form-control-wrap\" data-name=\"tel-744\"><input size=\"40\" maxlength=\"400\" class=\"wpcf7-form-control wpcf7-tel wpcf7-text wpcf7-validates-as-tel\" aria-invalid=\"false\" value=\"\" type=\"tel\" name=\"tel-744\" \/><\/span><br \/>\n<\/label><label> Votre e-mail<br \/>\n<span class=\"wpcf7-form-control-wrap\" data-name=\"your-email\"><input size=\"40\" maxlength=\"400\" class=\"wpcf7-form-control wpcf7-email wpcf7-validates-as-required wpcf7-text wpcf7-validates-as-email\" autocomplete=\"email\" aria-required=\"true\" aria-invalid=\"false\" value=\"\" type=\"email\" name=\"your-email\" \/><\/span> <\/label>\n<\/p>\n<p><label> service souhait\u00e9<br \/>\n<span class=\"wpcf7-form-control-wrap\" data-name=\"Servicesouhait\"><select class=\"wpcf7-form-control wpcf7-select\" aria-invalid=\"false\" multiple=\"multiple\" name=\"Servicesouhait[]\"><option value=\"\">&#8212;Veuillez choisir une option&#8212;<\/option><option value=\"1.Commissariat aux comptes\">1.Commissariat aux comptes<\/option><option value=\"2.Conseil aux entreprises\">2.Conseil aux entreprises<\/option><option value=\"3.\u00c9tude de march\u00e9\">3.\u00c9tude de march\u00e9<\/option><option value=\"4.Accompagnement des investisseurs \u00e9trangers\">4.Accompagnement des investisseurs \u00e9trangers<\/option><option value=\"5.Formation\">5.Formation<\/option><\/select><\/span><br \/>\n<\/label><label> Niveau des revenus annuels de l'organisme ou de la compagnie<br \/>\n<span class=\"wpcf7-form-control-wrap\" data-name=\"Niveaudesrevenusannuelsdelorganismeoudelacompagnie\"><input size=\"40\" maxlength=\"400\" class=\"wpcf7-form-control wpcf7-tel wpcf7-text wpcf7-validates-as-tel\" aria-invalid=\"false\" value=\"\" type=\"tel\" name=\"Niveaudesrevenusannuelsdelorganismeoudelacompagnie\" \/><\/span><\/label><label><br \/>\n<\/label><label> Le nombre d\u2019employ\u00e9s moyen dans l\u2019ann\u00e9e<br \/>\n<span class=\"wpcf7-form-control-wrap\" data-name=\"Lenombredemploysmoyendanslanne\"><input size=\"40\" maxlength=\"400\" class=\"wpcf7-form-control wpcf7-tel wpcf7-text wpcf7-validates-as-tel\" aria-invalid=\"false\" value=\"\" type=\"tel\" name=\"Lenombredemploysmoyendanslanne\" \/><\/span><\/label><label><br \/>\n<\/label><label> Syst\u00e8me comptable utilis\u00e9<br \/>\n<span class=\"wpcf7-form-control-wrap\" data-name=\"Systmecomptableutilis\"><input size=\"40\" maxlength=\"400\" class=\"wpcf7-form-control wpcf7-tel wpcf7-text wpcf7-validates-as-tel\" aria-invalid=\"false\" value=\"\" type=\"tel\" name=\"Systmecomptableutilis\" \/><\/span><br \/>\n<\/label><label> Nom de l\u2019entreprise<br \/>\n<span class=\"wpcf7-form-control-wrap\" data-name=\"Nomdelentreprise\"><textarea cols=\"40\" rows=\"10\" maxlength=\"2000\" class=\"wpcf7-form-control wpcf7-textarea\" aria-invalid=\"false\" name=\"Nomdelentreprise\"><\/textarea><\/span><\/label><label><br \/>\n<\/label><label> Votre message (facultatif)<br \/>\n<span class=\"wpcf7-form-control-wrap\" data-name=\"your-message\"><textarea cols=\"40\" rows=\"10\" maxlength=\"2000\" class=\"wpcf7-form-control wpcf7-textarea\" aria-invalid=\"false\" name=\"your-message\"><\/textarea><\/span> <\/label>\n<\/p>\n<p><input class=\"wpcf7-form-control wpcf7-submit has-spinner\" type=\"submit\" value=\"Envoyer\" \/>\n<\/p>\n<style>\/* Modifie la couleur de fond de la zone de texte *\/\n.wpcf7-form-control {\n background-color: #f2f2f2;\n}\n\n\/* Modifie la taille et la couleur de la police des libell\u00e9s du formulaire *\/\n.wpcf7-form label {\n font-size: 18px;\n color: #333;\n}\n\n\/* Modifie la couleur de fond du bouton d'envoi *\/\n.wpcf7-form input[type=\"submit\"] {\n background-color: #38B6FF;\n color:#FFFFFF \n}\n\n\/* Modifie la couleur de fond des messages de confirmation *\/\n.wpcf7-response-output {\n background-color: #f2f2f2;\n color: #38B6FF\n}\n<\/style>\n<style>\n<\/style><p style=\"display: none !important;\" class=\"akismet-fields-container\" data-prefix=\"_wpcf7_ak_\"><label>&#916;<textarea name=\"_wpcf7_ak_hp_textarea\" cols=\"45\" rows=\"8\" maxlength=\"100\"><\/textarea><\/label><input type=\"hidden\" id=\"ak_js_1\" name=\"_wpcf7_ak_js\" value=\"190\"\/><script>\ndocument.getElementById( \"ak_js_1\" ).setAttribute( \"value\", ( new Date() ).getTime() );\n<\/script>\n<\/p><div class=\"wpcf7-response-output\" aria-hidden=\"true\"><\/div>\n<\/form>\n<\/div>\n<\/div>\n\t\t\t\t\t\t<\/div>\n\t\t\t\t<\/div>\n\t\t\t\t\t<\/div>\n\t\t<\/div>\n\t\t\t\t\t<\/div>\n\t\t<\/section>\n\t\t\t\t<\/div>\n\t\t","protected":false},"excerpt":{"rendered":"<p>Pour une soumission, nous vous invitons \u00e0 nous contacter par t\u00e9l\u00e9phone ou par email ou remplisser le formulaire ci-desous. Nous nous ferons un plaisir de r\u00e9pondre \u00e0 vos questions et de vous transmettre une soumission adapt\u00e9e \u00e0 vos besoins. T\u00e9lephone (213) 77-81-24-762 E-mail cac@mahdadi.com<\/p>","protected":false},"author":1,"featured_media":0,"parent":0,"menu_order":0,"comment_status":"closed","ping_status":"closed","template":"","meta":{"_coblocks_attr":"","_coblocks_dimensions":"","_coblocks_responsive_height":"","_coblocks_accordion_ie_support":"","neve_meta_sidebar":"","neve_meta_container":"","neve_meta_enable_content_width":"","neve_meta_content_width":0,"neve_meta_title_alignment":"","neve_meta_author_avatar":"","neve_post_elements_order":"","neve_meta_disable_header":"","neve_meta_disable_footer":"","neve_meta_disable_title":"","_joinchat":[],"footnotes":""},"class_list":["post-799","page","type-page","status-publish","hentry"],"yoast_head":"<!-- This site is optimized with the Yoast SEO plugin v27.5 - https:\/\/yoast.com\/product\/yoast-seo-wordpress\/ -->\n<title>Demande de soumission - Mahdadi.com<\/title>\n<meta name=\"robots\" content=\"index, follow, max-snippet:-1, max-image-preview:large, max-video-preview:-1\" \/>\n<link rel=\"canonical\" href=\"https:\/\/mahdadi.com\/ar\/demande-de-soumission\/\" \/>\n<meta property=\"og:locale\" content=\"ar_AR\" \/>\n<meta property=\"og:type\" content=\"article\" \/>\n<meta property=\"og:title\" content=\"Demande de soumission - Mahdadi.com\" \/>\n<meta property=\"og:description\" content=\"Pour une soumission, nous vous invitons \u00e0 nous contacter par t\u00e9l\u00e9phone ou par email ou remplisser le formulaire ci-desous. Nous nous ferons un plaisir de r\u00e9pondre \u00e0 vos questions et de vous transmettre une soumission adapt\u00e9e \u00e0 vos besoins. T\u00e9lephone (213) 77-81-24-762 E-mail cac@mahdadi.com\" \/>\n<meta property=\"og:url\" content=\"https:\/\/mahdadi.com\/ar\/demande-de-soumission\/\" \/>\n<meta property=\"og:site_name\" content=\"Mahdadi.com\" \/>\n<meta property=\"article:modified_time\" content=\"2025-10-01T18:25:33+00:00\" \/>\n<meta property=\"og:image\" content=\"https:\/\/mahdadi.com\/wp-content\/uploads\/2023\/03\/24f2140c-image-13.png\" \/>\n\t<meta property=\"og:image:width\" content=\"960\" \/>\n\t<meta property=\"og:image:height\" content=\"760\" \/>\n\t<meta property=\"og:image:type\" content=\"image\/png\" \/>\n<meta name=\"twitter:card\" content=\"summary_large_image\" \/>\n<meta name=\"twitter:label1\" content=\"\u0648\u0642\u062a \u0627\u0644\u0642\u0631\u0627\u0621\u0629 \u0627\u0644\u0645\u064f\u0642\u062f\u0651\u0631\" \/>\n\t<meta name=\"twitter:data1\" content=\"\u062f\u0642\u064a\u0642\u0629 \u0648\u0627\u062d\u062f\u0629\" \/>\n<script type=\"application\/ld+json\" class=\"yoast-schema-graph\">{\"@context\":\"https:\\\/\\\/schema.org\",\"@graph\":[{\"@type\":\"WebPage\",\"@id\":\"https:\\\/\\\/mahdadi.com\\\/demande-de-soumission\\\/\",\"url\":\"https:\\\/\\\/mahdadi.com\\\/demande-de-soumission\\\/\",\"name\":\"Demande de soumission - Mahdadi.com\",\"isPartOf\":{\"@id\":\"https:\\\/\\\/mahdadi.com\\\/#website\"},\"primaryImageOfPage\":{\"@id\":\"https:\\\/\\\/mahdadi.com\\\/demande-de-soumission\\\/#primaryimage\"},\"image\":{\"@id\":\"https:\\\/\\\/mahdadi.com\\\/demande-de-soumission\\\/#primaryimage\"},\"thumbnailUrl\":\"https:\\\/\\\/mahdadi.com\\\/wp-content\\\/uploads\\\/2023\\\/03\\\/24f2140c-image-13.png\",\"datePublished\":\"2023-03-11T15:31:47+00:00\",\"dateModified\":\"2025-10-01T18:25:33+00:00\",\"breadcrumb\":{\"@id\":\"https:\\\/\\\/mahdadi.com\\\/demande-de-soumission\\\/#breadcrumb\"},\"inLanguage\":\"ar\",\"potentialAction\":[{\"@type\":\"ReadAction\",\"target\":[\"https:\\\/\\\/mahdadi.com\\\/demande-de-soumission\\\/\"]}]},{\"@type\":\"ImageObject\",\"inLanguage\":\"ar\",\"@id\":\"https:\\\/\\\/mahdadi.com\\\/demande-de-soumission\\\/#primaryimage\",\"url\":\"https:\\\/\\\/mahdadi.com\\\/wp-content\\\/uploads\\\/2023\\\/03\\\/24f2140c-image-13.png\",\"contentUrl\":\"https:\\\/\\\/mahdadi.com\\\/wp-content\\\/uploads\\\/2023\\\/03\\\/24f2140c-image-13.png\"},{\"@type\":\"BreadcrumbList\",\"@id\":\"https:\\\/\\\/mahdadi.com\\\/demande-de-soumission\\\/#breadcrumb\",\"itemListElement\":[{\"@type\":\"ListItem\",\"position\":1,\"name\":\"Accueil\",\"item\":\"https:\\\/\\\/mahdadi.com\\\/\"},{\"@type\":\"ListItem\",\"position\":2,\"name\":\"Demande de soumission\"}]},{\"@type\":\"WebSite\",\"@id\":\"https:\\\/\\\/mahdadi.com\\\/#website\",\"url\":\"https:\\\/\\\/mahdadi.com\\\/\",\"name\":\"Mahdadi.com\",\"description\":\"\",\"publisher\":{\"@id\":\"https:\\\/\\\/mahdadi.com\\\/#organization\"},\"potentialAction\":[{\"@type\":\"SearchAction\",\"target\":{\"@type\":\"EntryPoint\",\"urlTemplate\":\"https:\\\/\\\/mahdadi.com\\\/?s={search_term_string}\"},\"query-input\":{\"@type\":\"PropertyValueSpecification\",\"valueRequired\":true,\"valueName\":\"search_term_string\"}}],\"inLanguage\":\"ar\"},{\"@type\":\"Organization\",\"@id\":\"https:\\\/\\\/mahdadi.com\\\/#organization\",\"name\":\"Mahdadi.com\",\"url\":\"https:\\\/\\\/mahdadi.com\\\/\",\"logo\":{\"@type\":\"ImageObject\",\"inLanguage\":\"ar\",\"@id\":\"https:\\\/\\\/mahdadi.com\\\/#\\\/schema\\\/logo\\\/image\\\/\",\"url\":\"https:\\\/\\\/mahdadi.com\\\/wp-content\\\/uploads\\\/2023\\\/03\\\/cropped-WhatsApp_Image_2023-03-08_at_14.24.08-removebg-preview-1.png\",\"contentUrl\":\"https:\\\/\\\/mahdadi.com\\\/wp-content\\\/uploads\\\/2023\\\/03\\\/cropped-WhatsApp_Image_2023-03-08_at_14.24.08-removebg-preview-1.png\",\"width\":500,\"height\":304,\"caption\":\"Mahdadi.com\"},\"image\":{\"@id\":\"https:\\\/\\\/mahdadi.com\\\/#\\\/schema\\\/logo\\\/image\\\/\"}}]}<\/script>\n<!-- \/ Yoast SEO plugin. -->","yoast_head_json":{"title":"Demande de soumission - Mahdadi.com","robots":{"index":"index","follow":"follow","max-snippet":"max-snippet:-1","max-image-preview":"max-image-preview:large","max-video-preview":"max-video-preview:-1"},"canonical":"https:\/\/mahdadi.com\/ar\/demande-de-soumission\/","og_locale":"ar_AR","og_type":"article","og_title":"Demande de soumission - Mahdadi.com","og_description":"Pour une soumission, nous vous invitons \u00e0 nous contacter par t\u00e9l\u00e9phone ou par email ou remplisser le formulaire ci-desous. Nous nous ferons un plaisir de r\u00e9pondre \u00e0 vos questions et de vous transmettre une soumission adapt\u00e9e \u00e0 vos besoins. T\u00e9lephone (213) 77-81-24-762 E-mail cac@mahdadi.com","og_url":"https:\/\/mahdadi.com\/ar\/demande-de-soumission\/","og_site_name":"Mahdadi.com","article_modified_time":"2025-10-01T18:25:33+00:00","og_image":[{"width":960,"height":760,"url":"https:\/\/mahdadi.com\/wp-content\/uploads\/2023\/03\/24f2140c-image-13.png","type":"image\/png"}],"twitter_card":"summary_large_image","twitter_misc":{"\u0648\u0642\u062a \u0627\u0644\u0642\u0631\u0627\u0621\u0629 \u0627\u0644\u0645\u064f\u0642\u062f\u0651\u0631":"\u062f\u0642\u064a\u0642\u0629 \u0648\u0627\u062d\u062f\u0629"},"schema":{"@context":"https:\/\/schema.org","@graph":[{"@type":"WebPage","@id":"https:\/\/mahdadi.com\/demande-de-soumission\/","url":"https:\/\/mahdadi.com\/demande-de-soumission\/","name":"Demande de soumission - Mahdadi.com","isPartOf":{"@id":"https:\/\/mahdadi.com\/#website"},"primaryImageOfPage":{"@id":"https:\/\/mahdadi.com\/demande-de-soumission\/#primaryimage"},"image":{"@id":"https:\/\/mahdadi.com\/demande-de-soumission\/#primaryimage"},"thumbnailUrl":"https:\/\/mahdadi.com\/wp-content\/uploads\/2023\/03\/24f2140c-image-13.png","datePublished":"2023-03-11T15:31:47+00:00","dateModified":"2025-10-01T18:25:33+00:00","breadcrumb":{"@id":"https:\/\/mahdadi.com\/demande-de-soumission\/#breadcrumb"},"inLanguage":"ar","potentialAction":[{"@type":"ReadAction","target":["https:\/\/mahdadi.com\/demande-de-soumission\/"]}]},{"@type":"ImageObject","inLanguage":"ar","@id":"https:\/\/mahdadi.com\/demande-de-soumission\/#primaryimage","url":"https:\/\/mahdadi.com\/wp-content\/uploads\/2023\/03\/24f2140c-image-13.png","contentUrl":"https:\/\/mahdadi.com\/wp-content\/uploads\/2023\/03\/24f2140c-image-13.png"},{"@type":"BreadcrumbList","@id":"https:\/\/mahdadi.com\/demande-de-soumission\/#breadcrumb","itemListElement":[{"@type":"ListItem","position":1,"name":"Accueil","item":"https:\/\/mahdadi.com\/"},{"@type":"ListItem","position":2,"name":"Demande de soumission"}]},{"@type":"WebSite","@id":"https:\/\/mahdadi.com\/#website","url":"https:\/\/mahdadi.com\/","name":"Mahdadi.com","description":"","publisher":{"@id":"https:\/\/mahdadi.com\/#organization"},"potentialAction":[{"@type":"SearchAction","target":{"@type":"EntryPoint","urlTemplate":"https:\/\/mahdadi.com\/?s={search_term_string}"},"query-input":{"@type":"PropertyValueSpecification","valueRequired":true,"valueName":"search_term_string"}}],"inLanguage":"ar"},{"@type":"Organization","@id":"https:\/\/mahdadi.com\/#organization","name":"Mahdadi.com","url":"https:\/\/mahdadi.com\/","logo":{"@type":"ImageObject","inLanguage":"ar","@id":"https:\/\/mahdadi.com\/#\/schema\/logo\/image\/","url":"https:\/\/mahdadi.com\/wp-content\/uploads\/2023\/03\/cropped-WhatsApp_Image_2023-03-08_at_14.24.08-removebg-preview-1.png","contentUrl":"https:\/\/mahdadi.com\/wp-content\/uploads\/2023\/03\/cropped-WhatsApp_Image_2023-03-08_at_14.24.08-removebg-preview-1.png","width":500,"height":304,"caption":"Mahdadi.com"},"image":{"@id":"https:\/\/mahdadi.com\/#\/schema\/logo\/image\/"}}]}},"_links":{"self":[{"href":"https:\/\/mahdadi.com\/ar\/wp-json\/wp\/v2\/pages\/799","targetHints":{"allow":["GET"]}}],"collection":[{"href":"https:\/\/mahdadi.com\/ar\/wp-json\/wp\/v2\/pages"}],"about":[{"href":"https:\/\/mahdadi.com\/ar\/wp-json\/wp\/v2\/types\/page"}],"author":[{"embeddable":true,"href":"https:\/\/mahdadi.com\/ar\/wp-json\/wp\/v2\/users\/1"}],"replies":[{"embeddable":true,"href":"https:\/\/mahdadi.com\/ar\/wp-json\/wp\/v2\/comments?post=799"}],"version-history":[{"count":9,"href":"https:\/\/mahdadi.com\/ar\/wp-json\/wp\/v2\/pages\/799\/revisions"}],"predecessor-version":[{"id":1316,"href":"https:\/\/mahdadi.com\/ar\/wp-json\/wp\/v2\/pages\/799\/revisions\/1316"}],"wp:attachment":[{"href":"https:\/\/mahdadi.com\/ar\/wp-json\/wp\/v2\/media?parent=799"}],"curies":[{"name":"wp","href":"https:\/\/api.w.org\/{rel}","templated":true}]}}