{"id":122,"date":"2023-03-09T21:47:35","date_gmt":"2023-03-09T21:47:35","guid":{"rendered":"https:\/\/mahdadi.com\/?page_id=122"},"modified":"2023-03-14T04:03:04","modified_gmt":"2023-03-14T04:03:04","slug":"notre-mission","status":"publish","type":"page","link":"https:\/\/mahdadi.com\/ar\/notre-mission\/","title":{"rendered":"\u0645\u0647\u0645\u062a\u0646\u0627"},"content":{"rendered":"<div data-elementor-type=\"wp-page\" data-elementor-id=\"122\" class=\"elementor elementor-122\">\n\t\t\t\t\t\t<section class=\"elementor-section elementor-top-section elementor-element elementor-element-54ee2555 elementor-section-boxed elementor-section-height-default elementor-section-height-default\" data-id=\"54ee2555\" data-element_type=\"section\" data-e-type=\"section\" data-settings=\"{&quot;background_background&quot;:&quot;classic&quot;}\">\n\t\t\t\t\t\t\t<div class=\"elementor-background-overlay\"><\/div>\n\t\t\t\t\t\t\t<div class=\"elementor-container elementor-column-gap-no\">\n\t\t\t\t\t<div class=\"elementor-column elementor-col-100 elementor-top-column elementor-element elementor-element-6c963787\" data-id=\"6c963787\" data-element_type=\"column\" data-e-type=\"column\">\n\t\t\t<div class=\"elementor-widget-wrap elementor-element-populated\">\n\t\t\t\t\t\t<div class=\"elementor-element elementor-element-86dd59e elementor-widget elementor-widget-heading\" data-id=\"86dd59e\" data-element_type=\"widget\" data-e-type=\"widget\" data-widget_type=\"heading.default\">\n\t\t\t\t<div class=\"elementor-widget-container\">\n\t\t\t\t\t<h2 class=\"elementor-heading-title elementor-size-xxl\">Notre mission, notre vision et nos valeurs<\/h2>\t\t\t\t<\/div>\n\t\t\t\t<\/div>\n\t\t\t\t\t<\/div>\n\t\t<\/div>\n\t\t\t\t\t<\/div>\n\t\t<\/section>\n\t\t\t\t<section class=\"elementor-section elementor-top-section elementor-element elementor-element-1e0cc320 elementor-section-boxed elementor-section-height-default elementor-section-height-default\" data-id=\"1e0cc320\" data-element_type=\"section\" data-e-type=\"section\" data-settings=\"{&quot;background_background&quot;:&quot;classic&quot;}\">\n\t\t\t\t\t\t<div class=\"elementor-container elementor-column-gap-no\">\n\t\t\t\t\t<div class=\"elementor-column elementor-col-100 elementor-top-column elementor-element elementor-element-5cfc61f3\" data-id=\"5cfc61f3\" data-element_type=\"column\" data-e-type=\"column\">\n\t\t\t<div class=\"elementor-widget-wrap elementor-element-populated\">\n\t\t\t\t\t\t<div class=\"elementor-element elementor-element-32ce7531 elementor-invisible elementor-widget elementor-widget-image\" data-id=\"32ce7531\" data-element_type=\"widget\" data-e-type=\"widget\" data-settings=\"{&quot;_animation&quot;:&quot;zoomIn&quot;}\" data-widget_type=\"image.default\">\n\t\t\t\t<div class=\"elementor-widget-container\">\n\t\t\t\t\t\t\t\t\t\t\t\t\t\t\t<img fetchpriority=\"high\" decoding=\"async\" width=\"1800\" height=\"500\" src=\"https:\/\/mahdadi.com\/wp-content\/uploads\/2023\/03\/banner-5-notre-mission.png\" class=\"attachment-full size-full wp-image-134\" alt=\"\" srcset=\"https:\/\/mahdadi.com\/wp-content\/uploads\/2023\/03\/banner-5-notre-mission.png 1800w, https:\/\/mahdadi.com\/wp-content\/uploads\/2023\/03\/banner-5-notre-mission-300x83.png 300w, https:\/\/mahdadi.com\/wp-content\/uploads\/2023\/03\/banner-5-notre-mission-1024x284.png 1024w, https:\/\/mahdadi.com\/wp-content\/uploads\/2023\/03\/banner-5-notre-mission-768x213.png 768w, https:\/\/mahdadi.com\/wp-content\/uploads\/2023\/03\/banner-5-notre-mission-1536x427.png 1536w, https:\/\/mahdadi.com\/wp-content\/uploads\/2023\/03\/banner-5-notre-mission-18x5.png 18w\" sizes=\"(max-width: 1800px) 100vw, 1800px\" \/>\t\t\t\t\t\t\t\t\t\t\t\t\t\t\t<\/div>\n\t\t\t\t<\/div>\n\t\t\t\t<div class=\"elementor-element elementor-element-667b307 elementor-invisible elementor-widget elementor-widget-text-editor\" data-id=\"667b307\" data-element_type=\"widget\" data-e-type=\"widget\" data-settings=\"{&quot;_animation&quot;:&quot;fadeInUp&quot;}\" data-widget_type=\"text-editor.default\">\n\t\t\t\t<div class=\"elementor-widget-container\">\n\t\t\t\t\t\t\t\t\t<p><span style=\"text-decoration: underline;\"><strong>NOTE MISSION<\/strong><\/span><\/p>\n<p>\u062a\u062a\u0645\u062b\u0644 \u0645\u0647\u0645\u0629 \u0634\u0631\u0643\u0629 \u0627\u0644\u0645\u0631\u0627\u062c\u0639\u064a\u0646 \u0641\u064a \u0627\u0644\u062a\u062d\u0642\u0642 \u0648\u0627\u0644\u062a\u0635\u062f\u064a\u0642 \u0639\u0644\u0649 \u0627\u0646\u062a\u0638\u0627\u0645 \u0648\u0635\u062f\u0642 \u0627\u0644\u062d\u0633\u0627\u0628\u0627\u062a \u0627\u0644\u0633\u0646\u0648\u064a\u0629 \u0644\u0644\u0634\u0631\u0643\u0629. \u0627\u0644\u0645\u062f\u0642\u0642\u0648\u0646 \u0647\u0645 \u0645\u062d\u062a\u0631\u0641\u0648\u0646 \u0645\u0633\u062a\u0642\u0644\u0648\u0646 \u0648\u063a\u064a\u0631 \u0645\u062a\u062d\u064a\u0632\u064a\u0646 \u064a\u062a\u0645 \u062a\u0639\u064a\u064a\u0646\u0647\u0645 \u0645\u0646 \u0642\u0628\u0644 \u0627\u0644\u0627\u062c\u062a\u0645\u0627\u0639 \u0627\u0644\u0639\u0627\u0645 \u0644\u0644\u0645\u0633\u0627\u0647\u0645\u064a\u0646 \u0623\u0648 \u0634\u0631\u0643\u0627\u0621 \u0627\u0644\u0634\u0631\u0643\u0629 \u0644\u062a\u0646\u0641\u064a\u0630 \u0647\u0630\u0647 \u0627\u0644\u0645\u0647\u0645\u0629.<\/p>\t\t\t\t\t\t\t\t<\/div>\n\t\t\t\t<\/div>\n\t\t\t\t<div class=\"elementor-element elementor-element-6f022840 elementor-invisible elementor-widget elementor-widget-text-editor\" data-id=\"6f022840\" data-element_type=\"widget\" data-e-type=\"widget\" data-settings=\"{&quot;_animation&quot;:&quot;fadeInUp&quot;}\" data-widget_type=\"text-editor.default\">\n\t\t\t\t<div class=\"elementor-widget-container\">\n\t\t\t\t\t\t\t\t\t<p>\u062a\u0634\u0645\u0644 \u0627\u0644\u0645\u0647\u0627\u0645 \u0627\u0644\u0631\u0626\u064a\u0633\u064a\u0629 \u0644\u0645\u0643\u062a\u0628 \u0627\u0644\u0645\u062f\u0642\u0642\u064a\u0646 \u0627\u0644\u0642\u0627\u0646\u0648\u0646\u064a\u064a\u0646 \u0625\u062c\u0631\u0627\u0621 \u062a\u062f\u0642\u064a\u0642 \u0642\u0627\u0646\u0648\u0646\u064a \u0644\u0644\u062d\u0633\u0627\u0628\u0627\u062a \u0627\u0644\u0633\u0646\u0648\u064a\u0629 \u060c \u0648\u0627\u0644\u062a\u062d\u0642\u0642 \u0645\u0646 \u0625\u062c\u0631\u0627\u0621\u0627\u062a \u0627\u0644\u0631\u0642\u0627\u0628\u0629 \u0627\u0644\u062f\u0627\u062e\u0644\u064a\u0629 \u0644\u0644\u0634\u0631\u0643\u0629 \u060c \u0648\u0627\u0643\u062a\u0634\u0627\u0641 \u0627\u0644\u0627\u062d\u062a\u064a\u0627\u0644 \u0623\u0648 \u0627\u0644\u0645\u062e\u0627\u0644\u0641\u0627\u062a \u0627\u0644\u0645\u062d\u062a\u0645\u0644\u0629 \u060c \u0648\u062a\u0642\u062f\u064a\u0645 \u062a\u0648\u0635\u064a\u0627\u062a \u0644\u062a\u062d\u0633\u064a\u0646 \u0625\u062f\u0627\u0631\u0629 \u0627\u0644\u0623\u0639\u0645\u0627\u0644 \u0648\u0627\u0644\u0623\u062f\u0627\u0621.<\/p>\n<p>\u064a\u062a\u0645\u062b\u0644 \u062f\u0648\u0631 \u0627\u0644\u0645\u062f\u0642\u0642 \u0641\u064a \u062a\u0632\u0648\u064a\u062f \u0623\u0635\u062d\u0627\u0628 \u0627\u0644\u0645\u0635\u0644\u062d\u0629 \u060c \u0645\u062b\u0644 \u0627\u0644\u0645\u0633\u0627\u0647\u0645\u064a\u0646 \u0648\u0627\u0644\u0628\u0646\u0648\u0643 \u0648\u0627\u0644\u0633\u0644\u0637\u0627\u062a \u0627\u0644\u0636\u0631\u064a\u0628\u064a\u0629 \u060c \u0628\u0636\u0645\u0627\u0646 \u062c\u0648\u062f\u0629 \u0648\u0645\u0648\u062b\u0648\u0642\u064a\u0629 \u0627\u0644\u0645\u0639\u0644\u0648\u0645\u0627\u062a \u0627\u0644\u0645\u0627\u0644\u064a\u0629 \u0627\u0644\u062a\u064a \u062a\u0642\u062f\u0645\u0647\u0627 \u0627\u0644\u0634\u0631\u0643\u0629.<\/p>\t\t\t\t\t\t\t\t<\/div>\n\t\t\t\t<\/div>\n\t\t\t\t<div class=\"elementor-element elementor-element-bdc7d31 elementor-invisible elementor-widget elementor-widget-text-editor\" data-id=\"bdc7d31\" data-element_type=\"widget\" data-e-type=\"widget\" data-settings=\"{&quot;_animation&quot;:&quot;fadeInUp&quot;}\" data-widget_type=\"text-editor.default\">\n\t\t\t\t<div class=\"elementor-widget-container\">\n\t\t\t\t\t\t\t\t\t<p><strong><u><span style=\"font-size: 14.0pt; line-height: 107%; font-family: 'Arial',sans-serif; mso-ascii-theme-font: minor-bidi; mso-fareast-font-family: 'Times New Roman'; mso-hansi-theme-font: minor-bidi; mso-bidi-font-family: Arial; mso-bidi-theme-font: minor-bidi; color: black; mso-fareast-language: FR-CA;\">NOTRE VISION<\/span><\/u><\/strong><\/p>\n<p style=\"text-align: justify;\"><span style=\"font-size: 14.0pt; line-height: 107%; font-family: 'Arial',sans-serif; mso-ascii-theme-font: minor-bidi; mso-fareast-font-family: 'Times New Roman'; mso-hansi-theme-font: minor-bidi; mso-bidi-font-family: Arial; mso-bidi-theme-font: minor-bidi; color: black; mso-fareast-language: FR-CA;\">Nous avons pour vision de devenir le leader incontest\u00e9 du secteur de l&rsquo;audit en fournissant aux entreprises et aux organisations une source in\u00e9puisable d&rsquo;informations financi\u00e8res de qualit\u00e9 ainsi que des formations pour les vulgariser. <\/span><\/p>\n<p style=\"text-align: justify;\"><span style=\"font-size: 14.0pt; line-height: 107%; font-family: 'Arial',sans-serif; mso-ascii-theme-font: minor-bidi; mso-fareast-font-family: 'Times New Roman'; mso-hansi-theme-font: minor-bidi; mso-bidi-font-family: Arial; mso-bidi-theme-font: minor-bidi; color: black; mso-fareast-language: FR-CA;\">Notre \u00e9quipe multidisciplinaire travaille sans rel\u00e2che pour approfondir ses connaissances et aider nos clients \u00e0 relever les d\u00e9fis auxquels ils font face, tout en offrant des services \u00e0 la communaut\u00e9. <\/span><\/p>\n<p style=\"text-align: justify;\"><span style=\"font-size: 14.0pt; line-height: 107%; font-family: 'Arial',sans-serif; mso-ascii-theme-font: minor-bidi; mso-fareast-font-family: 'Times New Roman'; mso-hansi-theme-font: minor-bidi; mso-bidi-font-family: Arial; mso-bidi-theme-font: minor-bidi; color: black; mso-fareast-language: FR-CA;\">Nous nous engageons \u00e0 d\u00e9velopper un service adapt\u00e9 aux entrepreneurs tout en maintenant une approche humaine centr\u00e9e sur le client.<\/span><\/p>\n<p style=\"text-align: justify;\"><strong><u><span style=\"font-size: 14.0pt; line-height: 107%; font-family: 'Arial',sans-serif; mso-ascii-theme-font: minor-bidi; mso-fareast-font-family: 'Times New Roman'; mso-hansi-theme-font: minor-bidi; mso-bidi-font-family: Arial; mso-bidi-theme-font: minor-bidi; color: black; mso-fareast-language: FR-CA;\">NOS VALEURS<\/span><\/u><\/strong><\/p>\n<p style=\"text-align: justify;\"><span style=\"font-size: 14.0pt; line-height: 107%; font-family: 'Arial',sans-serif; mso-ascii-theme-font: minor-bidi; mso-fareast-font-family: 'Times New Roman'; mso-hansi-theme-font: minor-bidi; mso-bidi-font-family: Arial; mso-bidi-theme-font: minor-bidi; color: black; mso-fareast-language: FR-CA;\">Nos valeurs reposent sur la prise en charge totale de nos clients et la fourniture d&rsquo;un service cl\u00e9 en main. <\/span><\/p>\n<p style=\"text-align: justify;\"><span style=\"font-size: 14.0pt; line-height: 107%; font-family: 'Arial',sans-serif; mso-ascii-theme-font: minor-bidi; mso-fareast-font-family: 'Times New Roman'; mso-hansi-theme-font: minor-bidi; mso-bidi-font-family: Arial; mso-bidi-theme-font: minor-bidi; color: black; mso-fareast-language: FR-CA;\">Nous offrons des services sur mesure adapt\u00e9s aux besoins de nos clients, tout en accordant une importance particuli\u00e8re aux relations humaines dans nos \u00e9changes avec la client\u00e8le, les membres de notre \u00e9quipe et nos partenaires. <\/span><\/p>\n<p style=\"text-align: justify;\"><span style=\"font-size: 14.0pt; line-height: 107%; font-family: 'Arial',sans-serif; mso-ascii-theme-font: minor-bidi; mso-fareast-font-family: 'Times New Roman'; mso-hansi-theme-font: minor-bidi; mso-bidi-font-family: Arial; mso-bidi-theme-font: minor-bidi; color: black; mso-fareast-language: FR-CA;\">Nous nous assurons de poss\u00e9der les comp\u00e9tences requises pour fournir une information financi\u00e8re de qualit\u00e9 qui r\u00e9pond \u00e0 la fois aux besoins des clients et aux normes professionnelles en vigueur.<\/span><\/p>\t\t\t\t\t\t\t\t<\/div>\n\t\t\t\t<\/div>\n\t\t\t\t\t<\/div>\n\t\t<\/div>\n\t\t\t\t\t<\/div>\n\t\t<\/section>\n\t\t\t\t<\/div>","protected":false},"excerpt":{"rendered":"<p>Notre mission, notre vision et nos valeurs NOTE MISSION La mission d&rsquo;un cabinet de commissaires aux comptes est de v\u00e9rifier et certifier la r\u00e9gularit\u00e9 et la sinc\u00e9rit\u00e9 des comptes annuels d&rsquo;une entreprise. Les commissaires aux comptes sont des professionnels ind\u00e9pendants et impartiaux qui sont nomm\u00e9s par l&rsquo;assembl\u00e9e g\u00e9n\u00e9rale des actionnaires ou les associ\u00e9s de l&rsquo;entreprise&hellip;&nbsp;<\/p>","protected":false},"author":1,"featured_media":0,"parent":0,"menu_order":0,"comment_status":"closed","ping_status":"closed","template":"","meta":{"_coblocks_attr":"","_coblocks_dimensions":"","_coblocks_responsive_height":"","_coblocks_accordion_ie_support":"","neve_meta_sidebar":"","neve_meta_container":"","neve_meta_enable_content_width":"","neve_meta_content_width":0,"neve_meta_title_alignment":"","neve_meta_author_avatar":"","neve_post_elements_order":"","neve_meta_disable_header":"","neve_meta_disable_footer":"","neve_meta_disable_title":"","_joinchat":[],"footnotes":""},"class_list":["post-122","page","type-page","status-publish","hentry"],"yoast_head":"<!-- This site is optimized with the Yoast SEO plugin v27.4 - https:\/\/yoast.com\/product\/yoast-seo-wordpress\/ -->\n<title>Notre Mission - Mahdadi.com<\/title>\n<meta name=\"robots\" content=\"index, follow, max-snippet:-1, max-image-preview:large, max-video-preview:-1\" \/>\n<link rel=\"canonical\" href=\"https:\/\/mahdadi.com\/ar\/notre-mission\/\" \/>\n<meta property=\"og:locale\" content=\"ar_AR\" \/>\n<meta property=\"og:type\" content=\"article\" \/>\n<meta property=\"og:title\" content=\"Notre Mission - Mahdadi.com\" \/>\n<meta property=\"og:description\" content=\"Notre mission, notre vision et nos valeurs NOTE MISSION La mission d&rsquo;un cabinet de commissaires aux comptes est de v\u00e9rifier et certifier la r\u00e9gularit\u00e9 et la sinc\u00e9rit\u00e9 des comptes annuels d&rsquo;une entreprise. Les commissaires aux comptes sont des professionnels ind\u00e9pendants et impartiaux qui sont nomm\u00e9s par l&rsquo;assembl\u00e9e g\u00e9n\u00e9rale des actionnaires ou les associ\u00e9s de l&rsquo;entreprise&hellip;&nbsp;\" \/>\n<meta property=\"og:url\" content=\"https:\/\/mahdadi.com\/ar\/notre-mission\/\" \/>\n<meta property=\"og:site_name\" content=\"Mahdadi.com\" \/>\n<meta property=\"article:modified_time\" content=\"2023-03-14T04:03:04+00:00\" \/>\n<meta property=\"og:image\" content=\"https:\/\/mahdadi.com\/wp-content\/uploads\/2023\/03\/banner-5-notre-mission.png\" \/>\n<meta name=\"twitter:card\" content=\"summary_large_image\" \/>\n<meta name=\"twitter:label1\" content=\"\u0648\u0642\u062a \u0627\u0644\u0642\u0631\u0627\u0621\u0629 \u0627\u0644\u0645\u064f\u0642\u062f\u0651\u0631\" \/>\n\t<meta name=\"twitter:data1\" content=\"\u062f\u0642\u064a\u0642\u062a\u0627\u0646\" \/>\n<script type=\"application\/ld+json\" class=\"yoast-schema-graph\">{\"@context\":\"https:\\\/\\\/schema.org\",\"@graph\":[{\"@type\":\"WebPage\",\"@id\":\"https:\\\/\\\/mahdadi.com\\\/notre-mission\\\/\",\"url\":\"https:\\\/\\\/mahdadi.com\\\/notre-mission\\\/\",\"name\":\"Notre Mission - Mahdadi.com\",\"isPartOf\":{\"@id\":\"https:\\\/\\\/mahdadi.com\\\/#website\"},\"primaryImageOfPage\":{\"@id\":\"https:\\\/\\\/mahdadi.com\\\/notre-mission\\\/#primaryimage\"},\"image\":{\"@id\":\"https:\\\/\\\/mahdadi.com\\\/notre-mission\\\/#primaryimage\"},\"thumbnailUrl\":\"https:\\\/\\\/mahdadi.com\\\/wp-content\\\/uploads\\\/2023\\\/03\\\/banner-5-notre-mission.png\",\"datePublished\":\"2023-03-09T21:47:35+00:00\",\"dateModified\":\"2023-03-14T04:03:04+00:00\",\"breadcrumb\":{\"@id\":\"https:\\\/\\\/mahdadi.com\\\/notre-mission\\\/#breadcrumb\"},\"inLanguage\":\"ar\",\"potentialAction\":[{\"@type\":\"ReadAction\",\"target\":[\"https:\\\/\\\/mahdadi.com\\\/notre-mission\\\/\"]}]},{\"@type\":\"ImageObject\",\"inLanguage\":\"ar\",\"@id\":\"https:\\\/\\\/mahdadi.com\\\/notre-mission\\\/#primaryimage\",\"url\":\"https:\\\/\\\/mahdadi.com\\\/wp-content\\\/uploads\\\/2023\\\/03\\\/banner-5-notre-mission.png\",\"contentUrl\":\"https:\\\/\\\/mahdadi.com\\\/wp-content\\\/uploads\\\/2023\\\/03\\\/banner-5-notre-mission.png\"},{\"@type\":\"BreadcrumbList\",\"@id\":\"https:\\\/\\\/mahdadi.com\\\/notre-mission\\\/#breadcrumb\",\"itemListElement\":[{\"@type\":\"ListItem\",\"position\":1,\"name\":\"Accueil\",\"item\":\"https:\\\/\\\/mahdadi.com\\\/\"},{\"@type\":\"ListItem\",\"position\":2,\"name\":\"Notre Mission\"}]},{\"@type\":\"WebSite\",\"@id\":\"https:\\\/\\\/mahdadi.com\\\/#website\",\"url\":\"https:\\\/\\\/mahdadi.com\\\/\",\"name\":\"Mahdadi.com\",\"description\":\"\",\"publisher\":{\"@id\":\"https:\\\/\\\/mahdadi.com\\\/#organization\"},\"potentialAction\":[{\"@type\":\"SearchAction\",\"target\":{\"@type\":\"EntryPoint\",\"urlTemplate\":\"https:\\\/\\\/mahdadi.com\\\/?s={search_term_string}\"},\"query-input\":{\"@type\":\"PropertyValueSpecification\",\"valueRequired\":true,\"valueName\":\"search_term_string\"}}],\"inLanguage\":\"ar\"},{\"@type\":\"Organization\",\"@id\":\"https:\\\/\\\/mahdadi.com\\\/#organization\",\"name\":\"Mahdadi.com\",\"url\":\"https:\\\/\\\/mahdadi.com\\\/\",\"logo\":{\"@type\":\"ImageObject\",\"inLanguage\":\"ar\",\"@id\":\"https:\\\/\\\/mahdadi.com\\\/#\\\/schema\\\/logo\\\/image\\\/\",\"url\":\"https:\\\/\\\/mahdadi.com\\\/wp-content\\\/uploads\\\/2023\\\/03\\\/cropped-WhatsApp_Image_2023-03-08_at_14.24.08-removebg-preview-1.png\",\"contentUrl\":\"https:\\\/\\\/mahdadi.com\\\/wp-content\\\/uploads\\\/2023\\\/03\\\/cropped-WhatsApp_Image_2023-03-08_at_14.24.08-removebg-preview-1.png\",\"width\":500,\"height\":304,\"caption\":\"Mahdadi.com\"},\"image\":{\"@id\":\"https:\\\/\\\/mahdadi.com\\\/#\\\/schema\\\/logo\\\/image\\\/\"}}]}<\/script>\n<!-- \/ Yoast SEO plugin. -->","yoast_head_json":{"title":"Notre Mission - Mahdadi.com","robots":{"index":"index","follow":"follow","max-snippet":"max-snippet:-1","max-image-preview":"max-image-preview:large","max-video-preview":"max-video-preview:-1"},"canonical":"https:\/\/mahdadi.com\/ar\/notre-mission\/","og_locale":"ar_AR","og_type":"article","og_title":"Notre Mission - Mahdadi.com","og_description":"Notre mission, notre vision et nos valeurs NOTE MISSION La mission d&rsquo;un cabinet de commissaires aux comptes est de v\u00e9rifier et certifier la r\u00e9gularit\u00e9 et la sinc\u00e9rit\u00e9 des comptes annuels d&rsquo;une entreprise. Les commissaires aux comptes sont des professionnels ind\u00e9pendants et impartiaux qui sont nomm\u00e9s par l&rsquo;assembl\u00e9e g\u00e9n\u00e9rale des actionnaires ou les associ\u00e9s de l&rsquo;entreprise&hellip;&nbsp;","og_url":"https:\/\/mahdadi.com\/ar\/notre-mission\/","og_site_name":"Mahdadi.com","article_modified_time":"2023-03-14T04:03:04+00:00","og_image":[{"url":"https:\/\/mahdadi.com\/wp-content\/uploads\/2023\/03\/banner-5-notre-mission.png","type":"","width":"","height":""}],"twitter_card":"summary_large_image","twitter_misc":{"\u0648\u0642\u062a \u0627\u0644\u0642\u0631\u0627\u0621\u0629 \u0627\u0644\u0645\u064f\u0642\u062f\u0651\u0631":"\u062f\u0642\u064a\u0642\u062a\u0627\u0646"},"schema":{"@context":"https:\/\/schema.org","@graph":[{"@type":"WebPage","@id":"https:\/\/mahdadi.com\/notre-mission\/","url":"https:\/\/mahdadi.com\/notre-mission\/","name":"Notre Mission - Mahdadi.com","isPartOf":{"@id":"https:\/\/mahdadi.com\/#website"},"primaryImageOfPage":{"@id":"https:\/\/mahdadi.com\/notre-mission\/#primaryimage"},"image":{"@id":"https:\/\/mahdadi.com\/notre-mission\/#primaryimage"},"thumbnailUrl":"https:\/\/mahdadi.com\/wp-content\/uploads\/2023\/03\/banner-5-notre-mission.png","datePublished":"2023-03-09T21:47:35+00:00","dateModified":"2023-03-14T04:03:04+00:00","breadcrumb":{"@id":"https:\/\/mahdadi.com\/notre-mission\/#breadcrumb"},"inLanguage":"ar","potentialAction":[{"@type":"ReadAction","target":["https:\/\/mahdadi.com\/notre-mission\/"]}]},{"@type":"ImageObject","inLanguage":"ar","@id":"https:\/\/mahdadi.com\/notre-mission\/#primaryimage","url":"https:\/\/mahdadi.com\/wp-content\/uploads\/2023\/03\/banner-5-notre-mission.png","contentUrl":"https:\/\/mahdadi.com\/wp-content\/uploads\/2023\/03\/banner-5-notre-mission.png"},{"@type":"BreadcrumbList","@id":"https:\/\/mahdadi.com\/notre-mission\/#breadcrumb","itemListElement":[{"@type":"ListItem","position":1,"name":"Accueil","item":"https:\/\/mahdadi.com\/"},{"@type":"ListItem","position":2,"name":"Notre Mission"}]},{"@type":"WebSite","@id":"https:\/\/mahdadi.com\/#website","url":"https:\/\/mahdadi.com\/","name":"Mahdadi.com","description":"","publisher":{"@id":"https:\/\/mahdadi.com\/#organization"},"potentialAction":[{"@type":"SearchAction","target":{"@type":"EntryPoint","urlTemplate":"https:\/\/mahdadi.com\/?s={search_term_string}"},"query-input":{"@type":"PropertyValueSpecification","valueRequired":true,"valueName":"search_term_string"}}],"inLanguage":"ar"},{"@type":"Organization","@id":"https:\/\/mahdadi.com\/#organization","name":"Mahdadi.com","url":"https:\/\/mahdadi.com\/","logo":{"@type":"ImageObject","inLanguage":"ar","@id":"https:\/\/mahdadi.com\/#\/schema\/logo\/image\/","url":"https:\/\/mahdadi.com\/wp-content\/uploads\/2023\/03\/cropped-WhatsApp_Image_2023-03-08_at_14.24.08-removebg-preview-1.png","contentUrl":"https:\/\/mahdadi.com\/wp-content\/uploads\/2023\/03\/cropped-WhatsApp_Image_2023-03-08_at_14.24.08-removebg-preview-1.png","width":500,"height":304,"caption":"Mahdadi.com"},"image":{"@id":"https:\/\/mahdadi.com\/#\/schema\/logo\/image\/"}}]}},"_links":{"self":[{"href":"https:\/\/mahdadi.com\/ar\/wp-json\/wp\/v2\/pages\/122","targetHints":{"allow":["GET"]}}],"collection":[{"href":"https:\/\/mahdadi.com\/ar\/wp-json\/wp\/v2\/pages"}],"about":[{"href":"https:\/\/mahdadi.com\/ar\/wp-json\/wp\/v2\/types\/page"}],"author":[{"embeddable":true,"href":"https:\/\/mahdadi.com\/ar\/wp-json\/wp\/v2\/users\/1"}],"replies":[{"embeddable":true,"href":"https:\/\/mahdadi.com\/ar\/wp-json\/wp\/v2\/comments?post=122"}],"version-history":[{"count":0,"href":"https:\/\/mahdadi.com\/ar\/wp-json\/wp\/v2\/pages\/122\/revisions"}],"wp:attachment":[{"href":"https:\/\/mahdadi.com\/ar\/wp-json\/wp\/v2\/media?parent=122"}],"curies":[{"name":"wp","href":"https:\/\/api.w.org\/{rel}","templated":true}]}}